{"id":887,"date":"2022-08-02T12:04:22","date_gmt":"2022-08-02T10:04:22","guid":{"rendered":"https:\/\/www.labware.it\/cookie-policy\/"},"modified":"2026-03-18T15:57:51","modified_gmt":"2026-03-18T13:57:51","slug":"cookie-policy","status":"publish","type":"page","link":"https:\/\/www.labware.it\/es\/cookie-policy\/","title":{"rendered":"Pol\u00edtica de cookies"},"content":{"rendered":"<p><strong>Pol\u00edtica de cookies de www.labware.it<\/strong><\/p>\n<p>Bienvenido a la pol\u00edtica de cookies de www.labware.it. Esta pol\u00edtica le ayudar\u00e1 a entender qu\u00e9 cookies y tecnolog\u00edas de seguimiento utilizamos, c\u00f3mo las usamos y cu\u00e1les son sus derechos al respecto.<\/p>\n<p><strong>Introducci\u00f3n<\/strong><\/p>\n<p>El presente documento contiene informaci\u00f3n sobre las tecnolog\u00edas que permiten a www.labware.it alcanzar los fines descritos a continuaci\u00f3n. Estas tecnolog\u00edas permiten al Propietario recopilar y guardar informaci\u00f3n (por ejemplo, mediante el uso de Cookies) o utilizar recursos (por ejemplo, mediante la ejecuci\u00f3n de un script) en el dispositivo del Usuario cuando este interact\u00faa con www.labware.it.<\/p>\n<p>En aras de la simplicidad, en este documento estas tecnolog\u00edas se denominan brevemente \u201cherramientas de seguimiento\u201d, a menos que haya motivos para diferenciarlas. Por ejemplo, aunque las cookies pueden utilizarse tanto en navegadores web como m\u00f3viles, ser\u00eda inapropiado hablar de cookies en el contexto de las aplicaciones m\u00f3viles, ya que se trata de herramientas de seguimiento que requieren la presencia de un navegador. Por este motivo, en este documento el t\u00e9rmino \"cookie\" s\u00f3lo se utiliza para referirse espec\u00edficamente a ese tipo concreto de herramienta de seguimiento.<\/p>\n<p>Algunos de los fines para los que se utilizan las Herramientas de Seguimiento tambi\u00e9n pueden requerir el consentimiento del Usuario. Si se da el consentimiento, puede revocarse libremente en cualquier momento siguiendo las instrucciones contenidas en este documento.<\/p>\n<p>Www.labware.it utiliza Herramientas de seguimiento gestionadas directamente por el Propietario (com\u00fanmente denominadas Herramientas de seguimiento \u201cde origen\u201d) y Herramientas de seguimiento que habilitan servicios prestados por terceros (com\u00fanmente denominadas Herramientas de seguimiento \u201cde terceros\u201d). A menos que se especifique lo contrario en este documento, dichos terceros tienen acceso a sus respectivas Herramientas de seguimiento.<br \/>\nLa duraci\u00f3n y caducidad de las Cookies y Herramientas de Seguimiento similares puede variar en funci\u00f3n de lo establecido por el Responsable del Tratamiento o por cada proveedor externo. Algunas de ellas expiran al finalizar la sesi\u00f3n de navegaci\u00f3n del Usuario. Adem\u00e1s de lo especificado en la descripci\u00f3n de cada una de las categor\u00edas a continuaci\u00f3n, los Usuarios pueden obtener informaci\u00f3n m\u00e1s detallada y actualizada sobre la duraci\u00f3n, as\u00ed como cualquier otra informaci\u00f3n relevante -como la presencia de otras Herramientas de Seguimiento- en las pol\u00edticas de privacidad de los respectivos terceros proveedores (a trav\u00e9s de los enlaces proporcionados) o poni\u00e9ndose en contacto con el Responsable del Tratamiento.<\/p>\n<p><strong>Controlador de datos<\/strong><\/p>\n<p>LABWARE S.p.A.<br \/>\nVia Enzo Ferrari, 3 - Zona Ind. \u201cA\u201d<br \/>\n62012, Civitanova Marche (MC), Italia<br \/>\nIVA 01424730438<\/p>\n<p><strong>Direcci\u00f3n de correo electr\u00f3nico del titular:<\/strong>\u00a0privacy@labware.it<\/p>\n<p><strong>C\u00d3MO UTILIZA WWW.LABWARE.COM LAS HERRAMIENTAS DE SEGUIMIENTO<\/strong><\/p>\n<p><strong>NECESARIO<\/strong><\/p>\n<p>Www.labware.co.uk utiliza Cookies com\u00fanmente denominadas \u201ct\u00e9cnicas\u201d u otras Herramientas de Seguimiento similares para llevar a cabo actividades estrictamente necesarias para garantizar el funcionamiento o prestaci\u00f3n del Servicio.<\/p>\n<p><strong>Herramientas de seguimiento operadas por terceros<\/strong><\/p>\n<p><strong>Google Tag Manager<\/strong><\/p>\n<p>Empresa:Google LLC<\/p>\n<p>Lugar de elaboraci\u00f3n:Estados Unidos<\/p>\n<p>Datos personales tratados:Datos de uso +1<\/p>\n<p>Google Tag Manager es un servicio de gesti\u00f3n de etiquetas proporcionado por Google LLC.<\/p>\n<p>Para obtener m\u00e1s informaci\u00f3n sobre el uso de los datos por parte de Google, consulte su\u00a0<a href=\"https:\/\/policies.google.com\/technologies\/partner-sites\">pol\u00edtica de socios<\/a>\u00a0y sus\u00a0<a href=\"https:\/\/business.safety.google\/privacy\/\">P\u00e1gina de datos comerciales<\/a>.<\/p>\n<p><strong>Datos personales tratados:<\/strong><\/p>\n<ul>\n<li>Datos de uso<\/li>\n<li>Herramientas de seguimiento<\/li>\n<\/ul>\n<p><strong>Servicio prestado por:<\/strong><\/p>\n<ul>\n<li>Google LLC (Estados Unidos) -\u00a0<a href=\"https:\/\/business.safety.google\/privacy\/\">Pol\u00edtica de privacidad<\/a><\/li>\n<\/ul>\n<p><strong>Google reCAPTCHA<\/strong><\/p>\n<p>Empresa:Google LLC<\/p>\n<p>Lugar de elaboraci\u00f3n:Estados Unidos<\/p>\n<p>Datos personales tratados:clic +8<\/p>\n<p>Google reCAPTCHA es un servicio de protecci\u00f3n contra el spam prestado por Google LLC. El uso del sistema reCAPTCHA est\u00e1 sujeto a las siguientes condiciones\u00a0<a href=\"https:\/\/www.google.com\/intl\/it\/policies\/privacy\/\">pol\u00edtica de privacidad<\/a>\u00a0y el\u00a0<a href=\"https:\/\/www.google.com\/intl\/it\/policies\/terms\/\">condiciones de uso<\/a>\u00a0de Google.<\/p>\n<p>Para obtener m\u00e1s informaci\u00f3n sobre el uso de los datos por parte de Google, consulte su\u00a0<a href=\"https:\/\/policies.google.com\/technologies\/partner-sites?hl=it\">pol\u00edtica de socios<\/a>\u00a0y sus\u00a0<a href=\"https:\/\/business.safety.google\/intl\/it\/privacy\/\">P\u00e1gina de datos comerciales<\/a>.<\/p>\n<p><strong>Datos personales tratados:<\/strong><\/p>\n<ul>\n<li>haga clic en<\/li>\n<li>Datos de uso<\/li>\n<li>eventos de pulsaci\u00f3n de teclas<\/li>\n<li>eventos del sensor de movimiento<\/li>\n<li>eventos t\u00e1ctiles<\/li>\n<li>movimientos del rat\u00f3n<\/li>\n<li>posici\u00f3n en deslizamiento<\/li>\n<li>respuestas a las preguntas<\/li>\n<li>Herramientas de seguimiento<\/li>\n<\/ul>\n<p><strong>Servicio prestado por:<\/strong><\/p>\n<ul>\n<li>Google LLC (Estados Unidos) -\u00a0<a href=\"https:\/\/business.safety.google\/privacy\/\">Pol\u00edtica de privacidad<\/a><\/li>\n<\/ul>\n<p><strong>Duraci\u00f3n de las herramientas de seguimiento:<\/strong><\/p>\n<ul>\n<li>_GRECAPTCHA: duraci\u00f3n de la sesi\u00f3n<\/li>\n<li>rc::a: indefinido<\/li>\n<li>rc::b: duraci\u00f3n de la sesi\u00f3n<\/li>\n<li>rc::c: duraci\u00f3n de la sesi\u00f3n<\/li>\n<li>rc::f: indefinido<\/li>\n<\/ul>\n<p><strong>CARACTER\u00cdSTICAS<\/strong><\/p>\n<p>Www.labware.com utiliza Herramientas de seguimiento para permitir interacciones sencillas y activar funciones que permiten a los Usuarios acceder a determinados recursos del Servicio y simplificar la comunicaci\u00f3n con el Controlador.<\/p>\n<p><strong>Herramientas de seguimiento operadas por terceros<\/strong><\/p>\n<p><strong>Lista de correo o bolet\u00edn<\/strong><\/p>\n<p>Datos personales tratados:Datos de uso +2<\/p>\n<p>Al registrarse en la lista de correo o en el bolet\u00edn de noticias, la direcci\u00f3n de correo electr\u00f3nico del Usuario se a\u00f1ade autom\u00e1ticamente a una lista de contactos a los que se pueden enviar mensajes de correo electr\u00f3nico con informaci\u00f3n, incluida informaci\u00f3n comercial y promocional, relacionada con www.labware.it. La direcci\u00f3n de correo electr\u00f3nico del Usuario tambi\u00e9n podr\u00e1 a\u00f1adirse a esta lista como resultado de su registro en www.labware.it o tras realizar una compra.<\/p>\n<p><strong>Datos personales tratados:<\/strong><\/p>\n<ul>\n<li>Datos de uso<\/li>\n<li>correo electr\u00f3nico<\/li>\n<li>Herramientas de seguimiento<\/li>\n<\/ul>\n<p><strong>MEDICI\u00d3N<\/strong><\/p>\n<p>Www.labware.com utiliza Herramientas de Seguimiento para medir el tr\u00e1fico y analizar el comportamiento de los Usuarios con el fin de mejorar el Servicio.<\/p>\n<p><strong>Herramientas de seguimiento operadas por terceros<\/strong><\/p>\n<p><strong>Google Analytics 4<\/strong><\/p>\n<p>Empresa:Google LLC<\/p>\n<p>Lugar de elaboraci\u00f3n:Estados Unidos<\/p>\n<p>Datos personales tratados:Datos de uso +3<\/p>\n<p>Google Analytics es un servicio estad\u00edstico prestado por Google LLC (\u201cGoogle\u201d). Google utiliza los Datos Personales recogidos con el fin de rastrear y examinar el uso de www.labware.it, compilar informes y compartirlos con otros servicios desarrollados por Google. Google puede utilizar los Datos Personales para contextualizar y personalizar los anuncios de su red publicitaria. En Google Analytics 4, las direcciones IP se utilizan en el momento de la recopilaci\u00f3n y luego se eliminan antes de que los datos se almacenen en cualquier centro de datos o servidor. Para obtener m\u00e1s informaci\u00f3n, puede consultar la\u00a0<a href=\"https:\/\/support.google.com\/analytics\/answer\/12017362?hl=it&amp;ref_topic=2919631\">documentaci\u00f3n oficial de Google<\/a>.<\/p>\n<p>Para obtener m\u00e1s informaci\u00f3n sobre el uso de los datos por parte de Google, consulte su\u00a0<a href=\"https:\/\/policies.google.com\/technologies\/partner-sites\">pol\u00edtica de socios<\/a>\u00a0y sus\u00a0<a href=\"https:\/\/business.safety.google\/privacy\/\">P\u00e1gina de datos comerciales<\/a>.<\/p>\n<p><strong>Datos personales tratados:<\/strong><\/p>\n<ul>\n<li>Datos de uso<\/li>\n<li>N\u00famero de usuarios<\/li>\n<li>estad\u00edsticas de la sesi\u00f3n<\/li>\n<li>Herramientas de seguimiento<\/li>\n<\/ul>\n<p><strong>Servicio prestado por:<\/strong><\/p>\n<ul>\n<li>Google LLC (Estados Unidos) -\u00a0<a href=\"https:\/\/business.safety.google\/privacy\/\">Pol\u00edtica de privacidad\u00a0<\/a>\u2013\u00a0<a href=\"https:\/\/tools.google.com\/dlpage\/gaoptout?hl=en\">No participar<\/a><\/li>\n<\/ul>\n<p><strong>Duraci\u00f3n de las herramientas de seguimiento:<\/strong><\/p>\n<ul>\n<li>_ga: 2 a\u00f1os<\/li>\n<li>2 a\u00f1os<\/li>\n<\/ul>\n<p><strong>Gestor de metaeventos<\/strong><\/p>\n<p>Empresa:Meta Platforms, Inc.<\/p>\n<p>Lugar de elaboraci\u00f3n:Estados Unidos<\/p>\n<p>Datos personales tratados:clic +4<\/p>\n<p>Meta Events Manager es un servicio de estad\u00edsticas proporcionado por Meta Platforms, Inc. Al integrar el p\u00edxel Meta, Meta Events Manager puede ofrecer al Propietario informaci\u00f3n sobre el tr\u00e1fico y las interacciones en www.labware.it.<\/p>\n<p><strong>Datos personales tratados:<\/strong><\/p>\n<ul>\n<li>haga clic en<\/li>\n<li>historial de navegaci\u00f3n<\/li>\n<li>Datos de uso<\/li>\n<li>p\u00e1gina<\/li>\n<li>Herramientas de seguimiento<\/li>\n<\/ul>\n<p><strong>Servicio prestado por:<\/strong><\/p>\n<ul>\n<li>Meta Platforms, Inc. (Estados Unidos) -\u00a0<a href=\"https:\/\/www.facebook.com\/privacy\/policy\/\">Pol\u00edtica de privacidad\u00a0<\/a>\u2013\u00a0<a href=\"https:\/\/www.facebook.com\/help\/247395082112892\">No participar<\/a><\/li>\n<\/ul>\n<p><strong>Duraci\u00f3n de las herramientas de seguimiento:<\/strong><\/p>\n<ul>\n<li>3 meses<\/li>\n<li>lastExternalReferrer: duraci\u00f3n de la sesi\u00f3n<\/li>\n<li>lastExternalReferrerTime: duraci\u00f3n de la sesi\u00f3n<\/li>\n<\/ul>\n<p><strong>C\u00f3mo gestionar las preferencias y dar o revocar el consentimiento en www.labware.it<\/strong><\/p>\n<p>Cuando el uso de rastreadores se base en el consentimiento, el Usuario podr\u00e1 dar o revocar dicho consentimiento estableciendo o actualizando sus preferencias a trav\u00e9s del correspondiente panel de opciones de privacidad disponible en www.labware.it.<\/p>\n<p>En cuanto a las herramientas de seguimiento de terceros, los usuarios pueden gestionar sus preferencias visitando el enlace de exclusi\u00f3n correspondiente (si est\u00e1 disponible), utilizando las herramientas descritas en la pol\u00edtica de privacidad del tercero o poni\u00e9ndose en contacto directamente con el tercero.<\/p>\n<p><strong>C\u00f3mo controlar o eliminar las cookies y tecnolog\u00edas similares a trav\u00e9s de la configuraci\u00f3n de su dispositivo<\/strong><\/p>\n<p>Los usuarios pueden utilizar la configuraci\u00f3n de su navegador para:<\/p>\n<ul>\n<li>Ver qu\u00e9 cookies u otras tecnolog\u00edas similares se han instalado en el dispositivo;<\/li>\n<li>Bloqueo de cookies o tecnolog\u00edas similares;<\/li>\n<li>Borre las cookies o tecnolog\u00edas similares de su navegador.<\/li>\n<\/ul>\n<p>Sin embargo, la configuraci\u00f3n del navegador no permite un control granular del consentimiento por categor\u00edas.<\/p>\n<p>Los usuarios pueden, por ejemplo, encontrar informaci\u00f3n sobre c\u00f3mo gestionar las cookies en algunos de los navegadores m\u00e1s populares en las siguientes direcciones:<\/p>\n<ul>\n<li><a href=\"https:\/\/support.google.com\/chrome\/answer\/95647?hl=it&amp;p=cpn_cookies\">Google Chrome<\/a><\/li>\n<li><a href=\"https:\/\/support.mozilla.org\/it\/kb\/Attivare%20e%20disattivare%20i%20cookie\">Mozilla Firefox<\/a><\/li>\n<li><a href=\"https:\/\/support.apple.com\/it-it\/guide\/safari\/manage-cookies-and-website-data-sfri11471\/\">Safari de Apple<\/a><\/li>\n<li><a href=\"http:\/\/windows.microsoft.com\/it-it\/windows-vista\/block-or-allow-cookies\">Microsoft Internet Explorer<\/a><\/li>\n<li><a href=\"https:\/\/support.microsoft.com\/it-it\/help\/4027947\">Microsoft Edge<\/a><\/li>\n<li><a href=\"https:\/\/support.brave.com\/hc\/articles\/360022806212-How-do-I-use-Shields-while-browsing\">Valiente<\/a><\/li>\n<li><a href=\"https:\/\/help.opera.com\/latest\/web-preferences\/#cookies\">\u00d3pera<\/a><\/li>\n<\/ul>\n<p>Los usuarios tambi\u00e9n pueden gestionar determinadas herramientas de seguimiento de aplicaciones m\u00f3viles desactiv\u00e1ndolas a trav\u00e9s de los ajustes correspondientes del dispositivo, como los ajustes de publicidad m\u00f3vil o los ajustes de seguimiento en general (los usuarios pueden consultar los ajustes de su dispositivo para encontrar el correspondiente).<\/p>\n<p><strong>Consecuencias de negarse a utilizar las herramientas de seguimiento<\/strong><\/p>\n<p>Los Usuarios son libres de decidir si permiten o no el uso de las Herramientas de Seguimiento. No obstante, tenga en cuenta que las Herramientas de Seguimiento permiten a www.labware.it proporcionar a los Usuarios una mejor experiencia y funcionalidades mejoradas (en l\u00ednea con los fines descritos en este documento). Por lo tanto, si el Usuario decide bloquear el uso de las Herramientas de Seguimiento, es posible que el Responsable del Tratamiento no pueda proporcionar las funcionalidades relacionadas.<\/p>\n<p><strong>Definiciones y referencias jur\u00eddicas<\/strong><\/p>\n<p><strong>Datos personales<\/strong><\/p>\n<p>Los datos personales son cualquier informaci\u00f3n que, directa o indirectamente, incluso en conjunci\u00f3n con cualquier otra informaci\u00f3n, incluido un n\u00famero de identificaci\u00f3n personal, haga identificable o identificada a una persona f\u00edsica.<\/p>\n<p><strong>Datos de uso<\/strong><\/p>\n<p>Se trata de la informaci\u00f3n recogida autom\u00e1ticamente a trav\u00e9s de www.labware.it (incluso por aplicaciones de terceros integradas en www.labware.it), incluyendo: direcciones IP o nombres de dominio de los ordenadores utilizados por el Usuario que se conecta con www.labware.it, direcciones de notaci\u00f3n URI (Uniform Resource Identifier), la hora de la petici\u00f3n, el m\u00e9todo utilizado para reenviar la petici\u00f3n al servidor, el tama\u00f1o del archivo obtenido como respuesta, el c\u00f3digo num\u00e9rico que indica el estado de la respuesta del servidor (correcto, error, etc.).), el pa\u00eds de origen, las caracter\u00edsticas del navegador y del sistema operativo utilizados por el visitante, las distintas connotaciones temporales de la visita (por ejemplo, el tiempo de permanencia en cada p\u00e1gina) y los detalles del itinerario seguido dentro de la Aplicaci\u00f3n, con especial referencia a la secuencia de las p\u00e1ginas consultadas, los par\u00e1metros relativos al sistema operativo y al entorno inform\u00e1tico del Usuario.<\/p>\n<p><strong>Usuario<\/strong><\/p>\n<p>La persona f\u00edsica usuaria de www.labware.it que, salvo que se especifique lo contrario, coincide con el Titular de los datos.<\/p>\n<p><strong>Interesados<\/strong><\/p>\n<p>La persona f\u00edsica a la que se refieren los Datos Personales.<\/p>\n<p><strong>Procesador (o Gestor)<\/strong><\/p>\n<p>La persona f\u00edsica, jur\u00eddica, administraci\u00f3n p\u00fablica y cualquier otra entidad que trate datos personales por cuenta del Responsable del tratamiento, seg\u00fan lo establecido en la presente pol\u00edtica de privacidad.<\/p>\n<p><strong>Responsable (o propietario) de los datos<\/strong><\/p>\n<p>La persona f\u00edsica o jur\u00eddica, autoridad p\u00fablica, servicio u otro organismo que, individual o conjuntamente con otros, determina los fines y medios del tratamiento de datos personales y los instrumentos adoptados, incluidas las medidas de seguridad relativas al funcionamiento y uso de www.labware.it. El Responsable del Tratamiento, salvo que se especifique lo contrario, es el propietario de www.labware.it.<\/p>\n<p><strong>www.labware.it (o esta aplicaci\u00f3n)<\/strong><\/p>\n<p>La herramienta de hardware o software mediante la cual se recopilan y procesan los Datos Personales de los Usuarios.<\/p>\n<p><strong>Servicio<\/strong><\/p>\n<p>El Servicio prestado por www.labware.it tal y como se define en las condiciones pertinentes (si las hubiera) de este sitio\/aplicaci\u00f3n.<\/p>\n<p><strong>Uni\u00f3n Europea (o UE)<\/strong><\/p>\n<p>Salvo que se especifique lo contrario, toda referencia a la Uni\u00f3n Europea en este documento se entender\u00e1 hecha a todos los Estados miembros actuales de la Uni\u00f3n Europea y del Espacio Econ\u00f3mico Europeo.<\/p>\n<p><strong>Cookies<\/strong><\/p>\n<p>Las cookies son herramientas de seguimiento que consisten en peque\u00f1as porciones de datos almacenados en el navegador del usuario.<\/p>\n<p><strong>Herramienta de seguimiento<\/strong><\/p>\n<p>Por herramienta de seguimiento se entiende cualquier tecnolog\u00eda -por ejemplo, cookies, identificadores \u00fanicos, balizas web, scripts incrustados, etiquetas electr\u00f3nicas y huellas dactilares- que permita rastrear a los Usuarios, por ejemplo, recopilando o almacenando informaci\u00f3n en el dispositivo del Usuario.<\/p>\n<p><strong>Referencias jur\u00eddicas<\/strong><\/p>\n<p>A menos que se especifique lo contrario, esta pol\u00edtica de privacidad se refiere exclusivamente a www.labware.it.<\/p>\n<p>&nbsp;<\/p>\n<p>&nbsp;<\/p>\n<p>&nbsp;<\/p>","protected":false},"excerpt":{"rendered":"<p>Cookie Policy di www.labware.it Benvenuto nella cookie policy di www.labware.it. Questa policy ti aiuter\u00e0 a comprendere quali cookie e tecnologie di tracciamento utilizziamo, come li utilizziamo e quali sono i tuoi diritti in merito. Introduzione Questo documento contiene informazioni in merito alle tecnologie che consentono a www.labware.it di raggiungere gli scopi descritti di seguito. Tali [&hellip;]<\/p>\n","protected":false},"author":1,"featured_media":0,"parent":0,"menu_order":0,"comment_status":"closed","ping_status":"closed","template":"","meta":{"_acf_changed":false,"footnotes":""},"class_list":["post-887","page","type-page","status-publish","hentry"],"acf":[],"aioseo_notices":[],"_links":{"self":[{"href":"https:\/\/www.labware.it\/es\/wp-json\/wp\/v2\/pages\/887","targetHints":{"allow":["GET"]}}],"collection":[{"href":"https:\/\/www.labware.it\/es\/wp-json\/wp\/v2\/pages"}],"about":[{"href":"https:\/\/www.labware.it\/es\/wp-json\/wp\/v2\/types\/page"}],"author":[{"embeddable":true,"href":"https:\/\/www.labware.it\/es\/wp-json\/wp\/v2\/users\/1"}],"replies":[{"embeddable":true,"href":"https:\/\/www.labware.it\/es\/wp-json\/wp\/v2\/comments?post=887"}],"version-history":[{"count":5,"href":"https:\/\/www.labware.it\/es\/wp-json\/wp\/v2\/pages\/887\/revisions"}],"predecessor-version":[{"id":8371,"href":"https:\/\/www.labware.it\/es\/wp-json\/wp\/v2\/pages\/887\/revisions\/8371"}],"wp:attachment":[{"href":"https:\/\/www.labware.it\/es\/wp-json\/wp\/v2\/media?parent=887"}],"curies":[{"name":"wp","href":"https:\/\/api.w.org\/{rel}","templated":true}]}}