{"id":887,"date":"2022-08-02T12:04:22","date_gmt":"2022-08-02T10:04:22","guid":{"rendered":"https:\/\/www.labware.it\/cookie-policy\/"},"modified":"2026-03-18T15:57:51","modified_gmt":"2026-03-18T13:57:51","slug":"cookie-policy","status":"publish","type":"page","link":"https:\/\/www.labware.it\/de\/cookie-policy\/","title":{"rendered":"Cookie-Richtlinie"},"content":{"rendered":"<p><strong>Cookie-Richtlinie von www.labware.it<\/strong><\/p>\n<p>Willkommen bei der Cookie-Richtlinie von www.labware.it. Diese Richtlinie soll Ihnen helfen zu verstehen, welche Cookies und Tracking-Technologien wir verwenden, wie wir sie nutzen und welche Rechte Sie in diesem Zusammenhang haben.<\/p>\n<p><strong>Einf\u00fchrung<\/strong><\/p>\n<p>Dieses Dokument enth\u00e4lt Informationen \u00fcber die Technologien, die es www.labware.it erm\u00f6glichen, die unten beschriebenen Zwecke zu erreichen. Diese Technologien erm\u00f6glichen es dem Eigent\u00fcmer, Informationen zu sammeln und zu speichern (z. B. durch die Verwendung von Cookies) oder Ressourcen (z. B. durch die Ausf\u00fchrung eines Skripts) auf dem Ger\u00e4t des Benutzers zu nutzen, wenn dieser mit www.labware.it interagiert.<\/p>\n<p>Der Einfachheit halber werden diese Technologien in diesem Dokument kurz als \u201cTracking-Tools\u201d bezeichnet, es sei denn, es gibt Gr\u00fcnde f\u00fcr eine Differenzierung. Obwohl beispielsweise Cookies sowohl in Web- als auch in mobilen Browsern verwendet werden k\u00f6nnen, w\u00e4re es unangemessen, im Zusammenhang mit mobilen Anwendungen von Cookies zu sprechen, da diese Tracking-Tools das Vorhandensein eines Browsers erfordern. Aus diesem Grund wird der Begriff \"Cookie\" in diesem Dokument nur verwendet, wenn er sich speziell auf diese besondere Art von Tracking-Tool bezieht.<\/p>\n<p>Einige der Zwecke, f\u00fcr die Tracking-Tools verwendet werden, k\u00f6nnen auch die Zustimmung des Nutzers erfordern. Wenn die Zustimmung erteilt wurde, kann sie jederzeit frei widerrufen werden, indem die in diesem Dokument enthaltenen Anweisungen befolgt werden.<\/p>\n<p>Www.labware.it verwendet Tracking-Tools, die direkt vom Eigent\u00fcmer verwaltet werden (gemeinhin als \u201cErstanbieter\u201d-Tracking-Tools bezeichnet), sowie Tracking-Tools, die von Dritten bereitgestellte Dienste erm\u00f6glichen (gemeinhin als \u201cDrittanbieter\u201d-Tracking-Tools bezeichnet). Sofern in diesem Dokument nicht anders angegeben, haben diese Dritten Zugriff auf ihre jeweiligen Tracking Tools.<br \/>\nDauer und Ablauf von Cookies und \u00e4hnlichen Tracking-Tools k\u00f6nnen je nach den Einstellungen des f\u00fcr die Datenverarbeitung Verantwortlichen oder des jeweiligen Drittanbieters variieren. Einige von ihnen laufen am Ende der Browsing-Sitzung des Nutzers ab. Zus\u00e4tzlich zu den Angaben in der nachstehenden Beschreibung der einzelnen Kategorien k\u00f6nnen die Nutzer detailliertere und aktuellere Informationen \u00fcber die Dauer sowie andere relevante Informationen - wie das Vorhandensein anderer Tracking-Tools - in den Datenschutzrichtlinien der jeweiligen Drittanbieter (\u00fcber die angegebenen Links) oder durch Kontaktaufnahme mit dem f\u00fcr die Verarbeitung Verantwortlichen erhalten.<\/p>\n<p><strong>Datenkontrolleur<\/strong><\/p>\n<p>LABWARE S.p.A.<br \/>\nVia Enzo Ferrari, 3 - Zona Ind. \u201cA\u201d<br \/>\n62012, Civitanova Marche (MC), Italien<br \/>\nUmsatzsteuer-Identifikationsnummer 01424730438<\/p>\n<p><strong>E-Mail Adresse des Inhabers:<\/strong>\u00a0privacy@labware.it<\/p>\n<p><strong>WIE WWW.LABWARE.COM TRACKING-TOOLS VERWENDET<\/strong><\/p>\n<p><strong>N\u00d6TIG<\/strong><\/p>\n<p>Www.labware.co.uk verwendet Cookies, die gemeinhin als \u201ctechnische\u201d oder \u00e4hnliche Tracking-Tools bezeichnet werden, um Aktivit\u00e4ten durchzuf\u00fchren, die unbedingt erforderlich sind, um den Betrieb oder die Bereitstellung des Service zu gew\u00e4hrleisten.<\/p>\n<p><strong>Von Dritten betriebene Tracking-Tools<\/strong><\/p>\n<p><strong>Google Tag Manager<\/strong><\/p>\n<p>Unternehmen:Google LLC<\/p>\n<p>Ort der Verarbeitung:Vereinigte Staaten<\/p>\n<p>Verarbeitete personenbezogene Daten:Nutzungsdaten +1<\/p>\n<p>Google Tag Manager ist ein Tag-Management-Dienst, der von Google LLC bereitgestellt wird.<\/p>\n<p>Weitere Informationen \u00fcber die Verwendung von Daten durch Google finden Sie in der\u00a0<a href=\"https:\/\/policies.google.com\/technologies\/partner-sites\">Partnerpolitik<\/a>\u00a0und ihre\u00a0<a href=\"https:\/\/business.safety.google\/privacy\/\">Seite Kommerzielle Daten<\/a>.<\/p>\n<p><strong>Verarbeitete personenbezogene Daten:<\/strong><\/p>\n<ul>\n<li>Verwendungsdaten<\/li>\n<li>Tracking-Tools<\/li>\n<\/ul>\n<p><strong>Dienstleistung erbracht durch:<\/strong><\/p>\n<ul>\n<li>Google LLC (Vereinigte Staaten) -\u00a0<a href=\"https:\/\/business.safety.google\/privacy\/\">Datenschutzerkl\u00e4rung<\/a><\/li>\n<\/ul>\n<p><strong>Google reCAPTCHA<\/strong><\/p>\n<p>Unternehmen:Google LLC<\/p>\n<p>Ort der Verarbeitung:Vereinigte Staaten<\/p>\n<p>Verarbeitete personenbezogene Daten:click +8<\/p>\n<p>Google reCAPTCHA ist ein Dienst zum Schutz vor Spam, der von Google LLC bereitgestellt wird. Die Nutzung des reCAPTCHA-Systems unterliegt den\u00a0<a href=\"https:\/\/www.google.com\/intl\/it\/policies\/privacy\/\">Datenschutzbestimmungen<\/a>\u00a0und die\u00a0<a href=\"https:\/\/www.google.com\/intl\/it\/policies\/terms\/\">Benutzungsbedingungen<\/a>\u00a0von Google.<\/p>\n<p>Weitere Informationen \u00fcber die Verwendung von Daten durch Google finden Sie in der\u00a0<a href=\"https:\/\/policies.google.com\/technologies\/partner-sites?hl=it\">Partnerpolitik<\/a>\u00a0und ihre\u00a0<a href=\"https:\/\/business.safety.google\/intl\/it\/privacy\/\">Seite Kommerzielle Daten<\/a>.<\/p>\n<p><strong>Verarbeitete personenbezogene Daten:<\/strong><\/p>\n<ul>\n<li>anklicken.<\/li>\n<li>Verwendungsdaten<\/li>\n<li>Tastendruck-Ereignisse<\/li>\n<li>Bewegungssensor-Ereignisse<\/li>\n<li>Touch-Ereignisse<\/li>\n<li>Mausbewegungen<\/li>\n<li>Position auf dem Schieber<\/li>\n<li>Antworten auf Fragen<\/li>\n<li>Tracking-Tools<\/li>\n<\/ul>\n<p><strong>Dienstleistung erbracht durch:<\/strong><\/p>\n<ul>\n<li>Google LLC (Vereinigte Staaten) -\u00a0<a href=\"https:\/\/business.safety.google\/privacy\/\">Datenschutzerkl\u00e4rung<\/a><\/li>\n<\/ul>\n<p><strong>Dauer der Tracking-Tools:<\/strong><\/p>\n<ul>\n<li>_GRECAPTCHA: Sitzungsdauer<\/li>\n<li>rc::a: undefiniert<\/li>\n<li>rc::b: Dauer der Sitzung<\/li>\n<li>rc::c: Dauer der Sitzung<\/li>\n<li>rc::f: undefiniert<\/li>\n<\/ul>\n<p><strong>FEATURES<\/strong><\/p>\n<p>Www.labware.com verwendet Tracking-Tools, um einfache Interaktionen zu erm\u00f6glichen und Funktionen zu aktivieren, die den Benutzern den Zugriff auf bestimmte Ressourcen des Dienstes erm\u00f6glichen und die Kommunikation mit dem Controller vereinfachen.<\/p>\n<p><strong>Von Dritten betriebene Tracking-Tools<\/strong><\/p>\n<p><strong>Mailingliste oder Newsletter<\/strong><\/p>\n<p>Verarbeitete personenbezogene Daten:Nutzungsdaten +2<\/p>\n<p>Durch die Registrierung f\u00fcr die Mailingliste oder den Newsletter wird die E-Mail-Adresse des Nutzers automatisch zu einer Liste von Kontakten hinzugef\u00fcgt, an die E-Mail-Nachrichten mit Informationen, einschlie\u00dflich kommerzieller und werblicher Informationen, in Bezug auf www.labware.it gesendet werden k\u00f6nnen. Die E-Mail-Adresse des Nutzers kann auch in diese Liste aufgenommen werden, wenn er sich bei www.labware.it registriert oder einen Kauf get\u00e4tigt hat.<\/p>\n<p><strong>Verarbeitete personenbezogene Daten:<\/strong><\/p>\n<ul>\n<li>Verwendungsdaten<\/li>\n<li>E-Mail<\/li>\n<li>Tracking-Tools<\/li>\n<\/ul>\n<p><strong>MASSNAHMEN<\/strong><\/p>\n<p>Www.labware.com verwendet Tracking-Tools, um den Datenverkehr zu messen und das Verhalten der Benutzer zu analysieren, um den Service zu verbessern.<\/p>\n<p><strong>Von Dritten betriebene Tracking-Tools<\/strong><\/p>\n<p><strong>Google Analytics 4<\/strong><\/p>\n<p>Unternehmen:Google LLC<\/p>\n<p>Ort der Verarbeitung:Vereinigte Staaten<\/p>\n<p>Verarbeitete personenbezogene Daten:Nutzungsdaten +3<\/p>\n<p>Google Analytics ist ein Statistikdienst, der von Google LLC (\u201cGoogle\u201d) bereitgestellt wird. Google verwendet die erhobenen personenbezogenen Daten, um die Nutzung von www.labware.it zu verfolgen und zu untersuchen, Berichte zu erstellen und sie mit anderen von Google entwickelten Diensten zu teilen. Google kann personenbezogene Daten verwenden, um Anzeigen in seinem Werbenetzwerk zu kontextualisieren und zu personalisieren. In Google Analytics 4 werden die IP-Adressen zum Zeitpunkt der Erfassung verwendet und anschlie\u00dfend gel\u00f6scht, bevor die Daten in einem Datenzentrum oder auf einem Server gespeichert werden. Weitere Informationen finden Sie in der\u00a0<a href=\"https:\/\/support.google.com\/analytics\/answer\/12017362?hl=it&amp;ref_topic=2919631\">offizielle Google-Dokumentation<\/a>.<\/p>\n<p>Weitere Informationen \u00fcber die Verwendung von Daten durch Google finden Sie in der\u00a0<a href=\"https:\/\/policies.google.com\/technologies\/partner-sites\">Partnerpolitik<\/a>\u00a0und ihre\u00a0<a href=\"https:\/\/business.safety.google\/privacy\/\">Seite Kommerzielle Daten<\/a>.<\/p>\n<p><strong>Verarbeitete personenbezogene Daten:<\/strong><\/p>\n<ul>\n<li>Verwendungsdaten<\/li>\n<li>Anzahl der Benutzer<\/li>\n<li>Sitzungsstatistiken<\/li>\n<li>Tracking-Tools<\/li>\n<\/ul>\n<p><strong>Dienstleistung erbracht durch:<\/strong><\/p>\n<ul>\n<li>Google LLC (Vereinigte Staaten) -\u00a0<a href=\"https:\/\/business.safety.google\/privacy\/\">Datenschutzerkl\u00e4rung\u00a0<\/a>\u2013\u00a0<a href=\"https:\/\/tools.google.com\/dlpage\/gaoptout?hl=en\">Abmelden<\/a><\/li>\n<\/ul>\n<p><strong>Dauer der Tracking-Tools:<\/strong><\/p>\n<ul>\n<li>_ga: 2 Jahre<\/li>\n<li>_ga_*: 2 Jahre<\/li>\n<\/ul>\n<p><strong>Meta Events Manager<\/strong><\/p>\n<p>Unternehmen:Meta Platforms, Inc.<\/p>\n<p>Ort der Verarbeitung:Vereinigte Staaten<\/p>\n<p>Verarbeitete personenbezogene Daten:click +4<\/p>\n<p>Meta Events Manager ist ein Statistikdienst, der von Meta Platforms, Inc. angeboten wird. Durch die Integration des Meta-Pixels kann Meta Events Manager dem Eigent\u00fcmer Informationen \u00fcber den Verkehr und die Interaktionen auf www.labware.it liefern.<\/p>\n<p><strong>Verarbeitete personenbezogene Daten:<\/strong><\/p>\n<ul>\n<li>anklicken.<\/li>\n<li>Browserverlauf<\/li>\n<li>Verwendungsdaten<\/li>\n<li>Seitenaufruf<\/li>\n<li>Tracking-Tools<\/li>\n<\/ul>\n<p><strong>Dienstleistung erbracht durch:<\/strong><\/p>\n<ul>\n<li>Meta Platforms, Inc. (Vereinigte Staaten) -\u00a0<a href=\"https:\/\/www.facebook.com\/privacy\/policy\/\">Datenschutzerkl\u00e4rung\u00a0<\/a>\u2013\u00a0<a href=\"https:\/\/www.facebook.com\/help\/247395082112892\">Abmelden<\/a><\/li>\n<\/ul>\n<p><strong>Dauer der Tracking-Tools:<\/strong><\/p>\n<ul>\n<li>fbp: 3 Monate<\/li>\n<li>lastExternalReferrer: Dauer der Sitzung<\/li>\n<li>lastExternalReferrerTime: Dauer der Sitzung<\/li>\n<\/ul>\n<p><strong>Verwaltung der Pr\u00e4ferenzen und Erteilung oder Widerruf der Zustimmung unter www.labware.it<\/strong><\/p>\n<p>Wenn die Verwendung von Trackern auf einer Einwilligung beruht, kann der Nutzer diese Einwilligung erteilen oder widerrufen, indem er seine Pr\u00e4ferenzen \u00fcber das entsprechende Panel f\u00fcr den Datenschutz auf www.labware.it einstellt oder aktualisiert.<\/p>\n<p>Was die Tracking-Tools von Dritten betrifft, so k\u00f6nnen die Nutzer ihre Pr\u00e4ferenzen \u00fcber den entsprechenden Opt-out-Link (falls vorhanden), \u00fcber die in der Datenschutzrichtlinie des Dritten beschriebenen Tools oder durch direkte Kontaktaufnahme mit dem Dritten verwalten.<\/p>\n<p><strong>Wie Sie Cookies und \u00e4hnliche Technologien \u00fcber Ihre Ger\u00e4teeinstellungen kontrollieren oder l\u00f6schen k\u00f6nnen<\/strong><\/p>\n<p>Die Benutzer k\u00f6nnen ihre Browsereinstellungen verwenden, um:<\/p>\n<ul>\n<li>Sie k\u00f6nnen sehen, welche Cookies oder andere \u00e4hnliche Technologien auf dem Ger\u00e4t gesetzt wurden;<\/li>\n<li>Blockieren von Cookies oder \u00e4hnlichen Technologien;<\/li>\n<li>L\u00f6schen Sie Cookies oder \u00e4hnliche Technologien aus Ihrem Browser.<\/li>\n<\/ul>\n<p>Die Einstellungen des Browsers erlauben jedoch keine granulare Kontrolle der Zustimmung nach Kategorien.<\/p>\n<p>Informationen \u00fcber die Verwaltung von Cookies in den g\u00e4ngigsten Browsern finden Sie beispielsweise unter folgenden Adressen:<\/p>\n<ul>\n<li><a href=\"https:\/\/support.google.com\/chrome\/answer\/95647?hl=it&amp;p=cpn_cookies\">Google Chrome<\/a><\/li>\n<li><a href=\"https:\/\/support.mozilla.org\/it\/kb\/Attivare%20e%20disattivare%20i%20cookie\">Mozilla Firefox<\/a><\/li>\n<li><a href=\"https:\/\/support.apple.com\/it-it\/guide\/safari\/manage-cookies-and-website-data-sfri11471\/\">Apple Safari<\/a><\/li>\n<li><a href=\"http:\/\/windows.microsoft.com\/it-it\/windows-vista\/block-or-allow-cookies\">Microsoft Internet Explorer<\/a><\/li>\n<li><a href=\"https:\/\/support.microsoft.com\/it-it\/help\/4027947\">Microsoft Edge<\/a><\/li>\n<li><a href=\"https:\/\/support.brave.com\/hc\/articles\/360022806212-How-do-I-use-Shields-while-browsing\">Mutig<\/a><\/li>\n<li><a href=\"https:\/\/help.opera.com\/latest\/web-preferences\/#cookies\">Oper<\/a><\/li>\n<\/ul>\n<p>Die Nutzer k\u00f6nnen auch bestimmte Tracking-Tools f\u00fcr mobile Anwendungen verwalten, indem sie diese \u00fcber die entsprechenden Ger\u00e4teeinstellungen deaktivieren, z. B. \u00fcber die Einstellungen f\u00fcr mobile Werbung oder die Tracking-Einstellungen im Allgemeinen (die Nutzer k\u00f6nnen die entsprechenden Einstellungen in ihren Ger\u00e4teeinstellungen finden).<\/p>\n<p><strong>Folgen der Weigerung, Tracking-Tools zu verwenden<\/strong><\/p>\n<p>Es steht den Nutzern frei zu entscheiden, ob sie die Verwendung von Tracking Tools zulassen wollen oder nicht. Bitte beachten Sie jedoch, dass die Tracking-Tools es www.labware.it erm\u00f6glichen, den Nutzern ein besseres Erlebnis und erweiterte Funktionen zu bieten (im Einklang mit den in diesem Dokument beschriebenen Zwecken). Wenn der Nutzer beschlie\u00dft, die Verwendung von Tracking-Tools zu blockieren, ist der f\u00fcr die Verarbeitung Verantwortliche daher m\u00f6glicherweise nicht in der Lage, die entsprechenden Funktionen bereitzustellen.<\/p>\n<p><strong>Definitionen und rechtliche Hinweise<\/strong><\/p>\n<p><strong>Personenbezogene Daten (oder Daten)<\/strong><\/p>\n<p>Personenbezogene Daten sind alle Informationen, die direkt oder indirekt, auch in Verbindung mit anderen Informationen, einschlie\u00dflich einer pers\u00f6nlichen Identifikationsnummer, eine nat\u00fcrliche Person identifizierbar oder identifizierbar machen.<\/p>\n<p><strong>Verwendungsdaten<\/strong><\/p>\n<p>Hierbei handelt es sich um die Informationen, die automatisch \u00fcber www.labware.it (einschlie\u00dflich der in www.labware.it integrierten Anwendungen Dritter) gesammelt werden, darunter: IP-Adressen oder Dom\u00e4nennamen der Computer, die vom Benutzer verwendet werden, der eine Verbindung zu www.labware.it herstellt, URI (Uniform Resource Identifier)-Notationsadressen, die Uhrzeit der Anfrage, die f\u00fcr die Weiterleitung der Anfrage an den Server verwendete Methode, die Gr\u00f6\u00dfe der als Antwort erhaltenen Datei, der numerische Code, der den Status der Antwort des Servers angibt (erfolgreich, Fehler, etc.)), das Herkunftsland, die Merkmale des vom Besucher verwendeten Browsers und Betriebssystems, die verschiedenen zeitlichen Aspekte des Besuchs (z. B. die Verweildauer auf den einzelnen Seiten) und die Einzelheiten des Ablaufs innerhalb der Anwendung, insbesondere die Reihenfolge der aufgerufenen Seiten, die Parameter des Betriebssystems und die IT-Umgebung des Benutzers.<\/p>\n<p><strong>Benutzer<\/strong><\/p>\n<p>Die Person, die www.labware.it verwendet, die, sofern nicht anders angegeben, mit der betroffenen Person \u00fcbereinstimmt.<\/p>\n<p><strong>Interessiert<\/strong><\/p>\n<p>Die nat\u00fcrliche Person, auf die sich die personenbezogenen Daten beziehen.<\/p>\n<p><strong>Bearbeiter (oder Manager)<\/strong><\/p>\n<p>Die nat\u00fcrliche Person, die juristische Person, die \u00f6ffentliche Verwaltung und jede andere Stelle, die personenbezogene Daten im Auftrag des f\u00fcr die Verarbeitung Verantwortlichen verarbeitet, wie in dieser Datenschutzrichtlinie dargelegt.<\/p>\n<p><strong>Datenverantwortlicher (oder Eigent\u00fcmer)<\/strong><\/p>\n<p>Die nat\u00fcrliche oder juristische Person, Beh\u00f6rde, Dienststelle oder sonstige Einrichtung, die allein oder gemeinsam mit anderen \u00fcber die Zwecke und Mittel der Verarbeitung personenbezogener Daten sowie \u00fcber die angewandten Verfahren, einschlie\u00dflich der Sicherheitsma\u00dfnahmen im Zusammenhang mit dem Betrieb und der Nutzung von www.labware.it entscheidet. Der f\u00fcr die Datenverarbeitung Verantwortliche ist, sofern nicht anders angegeben, der Eigent\u00fcmer von www.labware.it.<\/p>\n<p><strong>www.labware.it (oder diese Anwendung)<\/strong><\/p>\n<p>Das Hardware- oder Softwaretool, mit dem die personenbezogenen Daten der Nutzer gesammelt und verarbeitet werden.<\/p>\n<p><strong>Dienst<\/strong><\/p>\n<p>Der von www.labware.it angebotene Dienst, wie in den entsprechenden Bedingungen (falls vorhanden) auf dieser Website\/Anwendung definiert.<\/p>\n<p><strong>Europ\u00e4ische Union (oder EU)<\/strong><\/p>\n<p>Sofern nicht anders angegeben, ist jede Bezugnahme auf die Europ\u00e4ische Union in diesem Dokument so zu verstehen, dass sie sich auf alle derzeitigen Mitgliedstaaten der Europ\u00e4ischen Union und des Europ\u00e4ischen Wirtschaftsraums erstreckt.<\/p>\n<p><strong>Cookies<\/strong><\/p>\n<p>Cookies sind Tracking-Tools, die aus kleinen Datenmengen bestehen, die im Browser des Nutzers gespeichert werden.<\/p>\n<p><strong>Tracking-Tool<\/strong><\/p>\n<p>Tracking-Tool bezeichnet jede Technologie - z. B. Cookies, eindeutige Kennungen, Web-Beacons, eingebettete Skripte, E-Tags und Fingerabdr\u00fccke -, die es erm\u00f6glicht, den Nutzer zu verfolgen, z. B. durch Erfassung oder Speicherung von Informationen auf dem Ger\u00e4t des Nutzers.<\/p>\n<p><strong>Rechtliche Hinweise<\/strong><\/p>\n<p>Sofern nicht anders angegeben, bezieht sich diese Datenschutzrichtlinie ausschlie\u00dflich auf www.labware.it.<\/p>\n<p>&nbsp;<\/p>\n<p>&nbsp;<\/p>\n<p>&nbsp;<\/p>","protected":false},"excerpt":{"rendered":"<p>Cookie Policy di www.labware.it Benvenuto nella cookie policy di www.labware.it. Questa policy ti aiuter\u00e0 a comprendere quali cookie e tecnologie di tracciamento utilizziamo, come li utilizziamo e quali sono i tuoi diritti in merito. Introduzione Questo documento contiene informazioni in merito alle tecnologie che consentono a www.labware.it di raggiungere gli scopi descritti di seguito. Tali [&hellip;]<\/p>\n","protected":false},"author":1,"featured_media":0,"parent":0,"menu_order":0,"comment_status":"closed","ping_status":"closed","template":"","meta":{"_acf_changed":false,"footnotes":""},"class_list":["post-887","page","type-page","status-publish","hentry"],"acf":[],"aioseo_notices":[],"_links":{"self":[{"href":"https:\/\/www.labware.it\/de\/wp-json\/wp\/v2\/pages\/887","targetHints":{"allow":["GET"]}}],"collection":[{"href":"https:\/\/www.labware.it\/de\/wp-json\/wp\/v2\/pages"}],"about":[{"href":"https:\/\/www.labware.it\/de\/wp-json\/wp\/v2\/types\/page"}],"author":[{"embeddable":true,"href":"https:\/\/www.labware.it\/de\/wp-json\/wp\/v2\/users\/1"}],"replies":[{"embeddable":true,"href":"https:\/\/www.labware.it\/de\/wp-json\/wp\/v2\/comments?post=887"}],"version-history":[{"count":5,"href":"https:\/\/www.labware.it\/de\/wp-json\/wp\/v2\/pages\/887\/revisions"}],"predecessor-version":[{"id":8371,"href":"https:\/\/www.labware.it\/de\/wp-json\/wp\/v2\/pages\/887\/revisions\/8371"}],"wp:attachment":[{"href":"https:\/\/www.labware.it\/de\/wp-json\/wp\/v2\/media?parent=887"}],"curies":[{"name":"wp","href":"https:\/\/api.w.org\/{rel}","templated":true}]}}