{"id":1611,"date":"2022-10-04T10:05:35","date_gmt":"2022-10-04T08:05:35","guid":{"rendered":"https:\/\/www.labware.it\/?page_id=1611"},"modified":"2025-04-15T17:58:55","modified_gmt":"2025-04-15T15:58:55","slug":"careers","status":"publish","type":"page","link":"https:\/\/www.labware.it\/de\/careers\/","title":{"rendered":"Arbeiten Sie mit uns"},"content":{"rendered":"<div data-elementor-type=\"wp-page\" data-elementor-id=\"1611\" class=\"elementor elementor-1611\" data-elementor-post-type=\"page\">\n\t\t\t\t\t\t<section class=\"elementor-section elementor-top-section elementor-element elementor-element-9136d34 elementor-section-full_width wrap-section-top section-breadcrumbs section-padding--lab elementor-section-height-default elementor-section-height-default\" data-id=\"9136d34\" data-element_type=\"section\" data-e-type=\"section\" data-settings=\"{&quot;background_background&quot;:&quot;classic&quot;}\">\n\t\t\t\t\t\t<div class=\"elementor-container elementor-column-gap-default\">\n\t\t\t\t\t<div class=\"elementor-column elementor-col-100 elementor-top-column elementor-element elementor-element-70f785d\" data-id=\"70f785d\" data-element_type=\"column\" data-e-type=\"column\">\n\t\t\t<div class=\"elementor-widget-wrap elementor-element-populated\">\n\t\t\t\t\t\t<div class=\"elementor-element elementor-element-1a81472 elementor-widget elementor-widget-shortcode\" data-id=\"1a81472\" data-element_type=\"widget\" data-e-type=\"widget\" data-widget_type=\"shortcode.default\">\n\t\t\t\t<div class=\"elementor-widget-container\">\n\t\t\t\t\t<div class='collection-breadcrumb'><a href='https:\/\/www.labware.it\/de'>Startseite<\/a> <span class='dst'>|<\/span> <span class='current'>Arbeiten Sie mit uns<\/span><\/div>\t\t<div class=\"elementor-shortcode\"><\/div>\n\t\t\t\t\t\t<\/div>\n\t\t\t\t<\/div>\n\t\t\t\t\t<\/div>\n\t\t<\/div>\n\t\t\t\t\t<\/div>\n\t\t<\/section>\n\t\t\t\t<section class=\"elementor-section elementor-top-section elementor-element elementor-element-1cf6535 elementor-section-full_width section-padding--lab elementor-section-content-top elementor-section-height-default elementor-section-height-default\" data-id=\"1cf6535\" data-element_type=\"section\" data-e-type=\"section\" data-settings=\"{&quot;background_background&quot;:&quot;classic&quot;}\">\n\t\t\t\t\t\t<div class=\"elementor-container elementor-column-gap-default\">\n\t\t\t\t\t<div class=\"elementor-column elementor-col-50 elementor-top-column elementor-element elementor-element-bb0226a\" data-id=\"bb0226a\" data-element_type=\"column\" data-e-type=\"column\" data-settings=\"{&quot;background_background&quot;:&quot;classic&quot;}\">\n\t\t\t<div class=\"elementor-widget-wrap elementor-element-populated\">\n\t\t\t\t\t\t<div class=\"elementor-element elementor-element-1062e51 elementor-widget elementor-widget-text-editor\" data-id=\"1062e51\" data-element_type=\"widget\" data-e-type=\"widget\" data-widget_type=\"text-editor.default\">\n\t\t\t\t<div class=\"elementor-widget-container\">\n\t\t\t\t\t\t\t\t\t<h4><em>\u201cDie Zukunft geh\u00f6rt denen, die an die Sch\u00f6nheit ihrer Tr\u00e4ume glauben.\u201d<br \/><\/em><\/h4>\t\t\t\t\t\t\t\t<\/div>\n\t\t\t\t<\/div>\n\t\t\t\t<div class=\"elementor-element elementor-element-980d7f4 elementor-widget elementor-widget-text-editor\" data-id=\"980d7f4\" data-element_type=\"widget\" data-e-type=\"widget\" data-widget_type=\"text-editor.default\">\n\t\t\t\t<div class=\"elementor-widget-container\">\n\t\t\t\t\t\t\t\t\t<h6><em>(Eleanor Roosevelt)<\/em><\/h6><h4><em>\u00a0<\/em><\/h4>\t\t\t\t\t\t\t\t<\/div>\n\t\t\t\t<\/div>\n\t\t\t\t<div class=\"elementor-element elementor-element-832eb47 elementor-widget elementor-widget-text-editor\" data-id=\"832eb47\" data-element_type=\"widget\" data-e-type=\"widget\" data-widget_type=\"text-editor.default\">\n\t\t\t\t<div class=\"elementor-widget-container\">\n\t\t\t\t\t\t\t\t\t<h5><strong>UNSERE GRUNDS\u00c4TZE, WERTE UND KULTUR<\/strong><\/h5><p><em>\u201cGLOCAL\u201d \u2013 GLOBAL DENKEN, LOKAL HANDELN<\/em><\/p><p>Wir haben unsere Unternehmenskultur auf den globalen Markt und die Bed\u00fcrfnisse jedes lokalen Marktes ausgerichtet und unsere eigene Formel der \u201cGlokalisierung\u201d entwickelt.<br \/>Wir planen und produzieren sowohl f\u00fcr kleine Restaurants als auch f\u00fcr internationale Ketten und entwickeln skalierbare L\u00f6sungen mit unterschiedlichem Komplexit\u00e4tsgrad, die auf die spezifischen Anforderungen unserer Partner zugeschnitten sind.<br \/>Das macht uns \u201cWorld-Wide Ready\u201d: Unsere Produkte sind f\u00fcr ausl\u00e4ndische M\u00e4rkte bereit, denn unsere Methode besteht darin, die Besonderheiten jedes Landes zu untersuchen und zu ber\u00fccksichtigen, von Sprach- und Funktionsproblemen bis hin zu unterschiedlichen Rechtsvorschriften und technischen Beschr\u00e4nkungen.<\/p>\t\t\t\t\t\t\t\t<\/div>\n\t\t\t\t<\/div>\n\t\t\t\t<div class=\"elementor-element elementor-element-ba32dec elementor-widget elementor-widget-text-editor\" data-id=\"ba32dec\" data-element_type=\"widget\" data-e-type=\"widget\" data-widget_type=\"text-editor.default\">\n\t\t\t\t<div class=\"elementor-widget-container\">\n\t\t\t\t\t\t\t\t\t<h5><strong>QUALIT\u00c4TSFANATIKER<\/strong><\/h5><p>Unser Qualit\u00e4tsverst\u00e4ndnis beschr\u00e4nkt sich nicht nur auf die Zuverl\u00e4ssigkeit und Sicherheit des Produkts, sondern durchdringt unser gesamtes t\u00e4gliches Handeln. Es ist die einzige Methode, die bei Labware bekannt ist und praktiziert wird.<\/p>\t\t\t\t\t\t\t\t<\/div>\n\t\t\t\t<\/div>\n\t\t\t\t<div class=\"elementor-element elementor-element-4bc11c6 elementor-widget elementor-widget-text-editor\" data-id=\"4bc11c6\" data-element_type=\"widget\" data-e-type=\"widget\" data-widget_type=\"text-editor.default\">\n\t\t\t\t<div class=\"elementor-widget-container\">\n\t\t\t\t\t\t\t\t\t<h5><strong>BENUTZERORIENTIERTES DESIGN<\/strong><\/h5><p>In unserer Branche waren wir die ersten, die Innovation durch die Verbindung von Design und Technologie eingef\u00fchrt haben. Neben der \u00e4sthetischen Forschung, die Teil unseres italienischen Geistes ist, verfolgen wir ein nutzerorientiertes Design, was bedeutet, dass das Produkt rundum auf den Nutzer zugeschnitten ist und auf Intuitivit\u00e4t und Ergonomie setzt, die \u00fcber die einfache Bedienbarkeit hinausgehen. Diese Haltung war auch die Grundlage f\u00fcr den Gewinn des renommierten Good Design\u00ae Award des Chicago Athenaeum Museum of Architecture and Design.<\/p><h5>\u00a0<\/h5><h5><strong>TECHNOLOGISCHE VISION\u00c4RE<\/strong><\/h5><p>Die Zukunftsvision ist der Motor des Unternehmens, wie die Investitionen in Forschung und Entwicklung sowie in langfristige Projekte zeigen, die genau auf unseren Intuitionen und den urspr\u00fcnglichen Ergebnissen unserer Forschung basieren.<\/p><h5><strong><br \/>LABWARE SEIN<\/strong><\/h5><p>Fest an Vielfalt, eine \u201coffene\u201d Vision, Respekt f\u00fcr andere und einen starken Teamgeist glauben, um zum Aufbau einer besseren Zukunft beizutragen.<\/p><p>Wenn Sie Teil unseres gro\u00dfartigen Teams werden m\u00f6chten, bewerben Sie sich hier.<\/p>\t\t\t\t\t\t\t\t<\/div>\n\t\t\t\t<\/div>\n\t\t\t\t\t<\/div>\n\t\t<\/div>\n\t\t\t\t<div class=\"elementor-column elementor-col-50 elementor-top-column elementor-element elementor-element-047aea0\" data-id=\"047aea0\" data-element_type=\"column\" data-e-type=\"column\" data-settings=\"{&quot;background_background&quot;:&quot;classic&quot;}\">\n\t\t\t<div class=\"elementor-widget-wrap elementor-element-populated\">\n\t\t\t\t\t\t<div class=\"elementor-element elementor-element-bf3b345 elementor-widget elementor-widget-image\" data-id=\"bf3b345\" data-element_type=\"widget\" data-e-type=\"widget\" data-widget_type=\"image.default\">\n\t\t\t\t<div class=\"elementor-widget-container\">\n\t\t\t\t\t\t\t\t\t\t\t\t\t\t\t<img fetchpriority=\"high\" decoding=\"async\" width=\"886\" height=\"591\" src=\"https:\/\/www.labware.it\/content\/uploads\/2022\/10\/labware-who-we-are-qualita.jpg\" class=\"attachment-full size-full wp-image-1704\" alt=\"\" srcset=\"https:\/\/www.labware.it\/content\/uploads\/2022\/10\/labware-who-we-are-qualita.jpg 886w, https:\/\/www.labware.it\/content\/uploads\/2022\/10\/labware-who-we-are-qualita-300x200.jpg 300w, https:\/\/www.labware.it\/content\/uploads\/2022\/10\/labware-who-we-are-qualita-768x512.jpg 768w\" sizes=\"(max-width: 886px) 100vw, 886px\" \/>\t\t\t\t\t\t\t\t\t\t\t\t\t\t\t<\/div>\n\t\t\t\t<\/div>\n\t\t\t\t<section class=\"elementor-section elementor-inner-section elementor-element elementor-element-d5a1fae elementor-section-full_width elementor-section-height-default elementor-section-height-default\" data-id=\"d5a1fae\" data-element_type=\"section\" data-e-type=\"section\">\n\t\t\t\t\t\t<div class=\"elementor-container elementor-column-gap-default\">\n\t\t\t\t\t<div class=\"elementor-column elementor-col-100 elementor-inner-column elementor-element elementor-element-4da18a1\" data-id=\"4da18a1\" data-element_type=\"column\" data-e-type=\"column\">\n\t\t\t<div class=\"elementor-widget-wrap\">\n\t\t\t\t\t\t\t<\/div>\n\t\t<\/div>\n\t\t\t\t\t<\/div>\n\t\t<\/section>\n\t\t\t\t<section class=\"elementor-section elementor-inner-section elementor-element elementor-element-faa073e elementor-section-full_width elementor-section-height-default elementor-section-height-default\" data-id=\"faa073e\" data-element_type=\"section\" data-e-type=\"section\">\n\t\t\t\t\t\t<div class=\"elementor-container elementor-column-gap-default\">\n\t\t\t\t\t<div class=\"elementor-column elementor-col-100 elementor-inner-column elementor-element elementor-element-a7250e0\" data-id=\"a7250e0\" data-element_type=\"column\" data-e-type=\"column\">\n\t\t\t<div class=\"elementor-widget-wrap elementor-element-populated\">\n\t\t\t\t\t\t<div class=\"elementor-element elementor-element-b9be64c elementor-widget__width-inherit elementor-widget elementor-widget-button\" data-id=\"b9be64c\" data-element_type=\"widget\" data-e-type=\"widget\" data-widget_type=\"button.default\">\n\t\t\t\t<div class=\"elementor-widget-container\">\n\t\t\t\t\t\t\t\t\t<div class=\"elementor-button-wrapper\">\n\t\t\t\t\t<a class=\"elementor-button elementor-button-link elementor-size-sm\" href=\"#\" id=\"btn-cv-jobs--lab\">\n\t\t\t\t\t\t<span class=\"elementor-button-content-wrapper\">\n\t\t\t\t\t\t<span class=\"elementor-button-icon\">\n\t\t\t\t<svg xmlns:xlink=\"http:\/\/www.w3.org\/1999\/xlink\" xmlns=\"http:\/\/www.w3.org\/2000\/svg\" fill=\"none\" fill-rule=\"evenodd\" stroke=\"black\" stroke-width=\"0.501\" stroke-linejoin=\"bevel\" stroke-miterlimit=\"10\" font-family=\"Times New Roman\" font-size=\"16\" style=\"font-variant-ligatures:none\" width=\"126.665pt\" height=\"163.772pt\" viewbox=\"49.167 -194.385 126.665 163.772\"><defs>\t<\/defs><g id=\"Layer 1\" transform=\"scale(1 -1)\"><path d=\"M 49.167,40.138 L 49.167,184.859 C 49.167,190.104 53.447,194.385 58.693,194.385 L 166.305,194.385 C 171.552,194.385 175.832,190.104 175.832,184.859 L 175.832,40.138 C 175.832,34.893 171.552,30.613 166.305,30.613 L 58.693,30.613 C 53.447,30.613 49.167,34.893 49.167,40.138 Z M 171.622,40.138 L 171.622,184.859 C 171.622,187.836 169.282,190.176 166.305,190.176 L 58.693,190.176 C 55.715,190.176 53.377,187.836 53.377,184.859 L 53.377,40.138 C 53.377,37.16 55.717,34.821 58.693,34.821 L 166.305,34.821 C 169.284,34.821 171.622,37.161 171.622,40.138 Z M 71.431,60.549 C 71.431,61.71 72.372,62.655 73.536,62.655 L 151.462,62.655 C 152.627,62.655 153.569,61.71 153.569,60.549 C 153.569,59.384 152.626,58.443 151.462,58.443 L 73.536,58.443 C 72.372,58.443 71.431,59.385 71.431,60.549 Z M 71.431,82.813 C 71.431,83.975 72.372,84.919 73.536,84.919 L 151.462,84.919 C 152.627,84.919 153.569,83.976 153.569,82.813 C 153.569,81.648 152.626,80.707 151.462,80.707 L 73.536,80.707 C 72.372,80.707 71.431,81.649 71.431,82.813 Z M 71.431,105.077 C 71.431,106.238 72.372,107.184 73.536,107.184 L 151.462,107.184 C 152.627,107.184 153.569,106.238 153.569,105.077 C 153.569,103.912 152.626,102.971 151.462,102.971 L 73.536,102.971 C 72.372,102.971 71.431,103.913 71.431,105.077 Z M 89.986,121.526 L 89.986,121.776 C 89.986,135.378 102.219,138.725 112.499,138.725 C 122.779,138.725 135.014,135.378 135.014,121.776 L 135.014,121.526 L 89.986,121.526 Z M 102.973,153.318 C 102.973,158.579 107.237,162.844 112.499,162.844 C 117.761,162.844 122.027,158.579 122.027,153.318 C 122.027,148.055 117.761,143.79 112.499,143.79 C 107.237,143.79 102.973,148.055 102.973,153.318 Z\" fill=\"#ffffff\" stroke-width=\"0.5\" stroke=\"none\" stroke-linejoin=\"miter\" fill-rule=\"nonzero\" marker-start=\"none\" marker-end=\"none\"><\/path><\/g><\/svg>\t\t\t<\/span>\n\t\t\t\t\t\t\t\t\t<span class=\"elementor-button-text\">SPONTANE BEWERBUNG<\/span>\n\t\t\t\t\t<\/span>\n\t\t\t\t\t<\/a>\n\t\t\t\t<\/div>\n\t\t\t\t\t\t\t\t<\/div>\n\t\t\t\t<\/div>\n\t\t\t\t<div class=\"elementor-element elementor-element-c2eb4ca elementor-widget elementor-widget-shortcode\" data-id=\"c2eb4ca\" data-element_type=\"widget\" data-e-type=\"widget\" data-widget_type=\"shortcode.default\">\n\t\t\t\t<div class=\"elementor-widget-container\">\n\t\t\t\t\t\t\t<div class=\"elementor-shortcode\">        <div class=\"lab--get-in-touch-box\">\n            <h4>Open Positions<\/h4>\n            <div class=\"lab--jobs-list\">\n                                        <a class=\"item-job-list w-100 mb-3\" href=\"https:\/\/www.labware.it\/de\/jobs\/full-stack-web-developer\/\">\n                            <span>Full-Stack-Webentwickler <\/span>\n                            <i class=\"fal fa-chevron-right\"><\/i>\n                        <\/a>\n                                                <a class=\"item-job-list w-100 mb-3\" href=\"https:\/\/www.labware.it\/de\/jobs\/tecnico-commerciale\/\">\n                            <span>Vertriebsingenieur <\/span>\n                            <i class=\"fal fa-chevron-right\"><\/i>\n                        <\/a>\n                                                <a class=\"item-job-list w-100 mb-3\" href=\"https:\/\/www.labware.it\/de\/jobs\/international-business-developer-2\/\">\n                            <span>Internationaler Gesch\u00e4ftsentwickler <\/span>\n                            <i class=\"fal fa-chevron-right\"><\/i>\n                        <\/a>\n                                                <a class=\"item-job-list w-100 mb-3\" href=\"https:\/\/www.labware.it\/de\/jobs\/jr-customer-service-specialist\/\">\n                            <span>Technischer Support-Mitarbeiter <\/span>\n                            <i class=\"fal fa-chevron-right\"><\/i>\n                        <\/a>\n                                    <\/div>\n        <\/div>\n        <\/div>\n\t\t\t\t\t\t<\/div>\n\t\t\t\t<\/div>\n\t\t\t\t\t<\/div>\n\t\t<\/div>\n\t\t\t\t\t<\/div>\n\t\t<\/section>\n\t\t\t\t\t<\/div>\n\t\t<\/div>\n\t\t\t\t\t<\/div>\n\t\t<\/section>\n\t\t\t\t<\/div>","protected":false},"excerpt":{"rendered":"<p>&#8220;The future belongs to those who believe in the beauty of their dreams&#8221; (Eleanor Roosevelt) \u00a0 I NOSTRI PRINCIPI, VALORI E CULTURA \u201cGLOCAL\u201d \u2013 THINK GLOBAL, ACT LOCAL Abbiamo improntato la nostra cultura aziendale al confronto con il mercato globale e al rispetto delle esigenze di ogni mercato locale, elaborando la nostra formula personale di [&hellip;]<\/p>","protected":false},"author":1,"featured_media":0,"parent":0,"menu_order":0,"comment_status":"closed","ping_status":"closed","template":"elementor_header_footer","meta":{"_acf_changed":false,"footnotes":""},"class_list":["post-1611","page","type-page","status-publish","hentry"],"acf":[],"aioseo_notices":[],"_links":{"self":[{"href":"https:\/\/www.labware.it\/de\/wp-json\/wp\/v2\/pages\/1611","targetHints":{"allow":["GET"]}}],"collection":[{"href":"https:\/\/www.labware.it\/de\/wp-json\/wp\/v2\/pages"}],"about":[{"href":"https:\/\/www.labware.it\/de\/wp-json\/wp\/v2\/types\/page"}],"author":[{"embeddable":true,"href":"https:\/\/www.labware.it\/de\/wp-json\/wp\/v2\/users\/1"}],"replies":[{"embeddable":true,"href":"https:\/\/www.labware.it\/de\/wp-json\/wp\/v2\/comments?post=1611"}],"version-history":[{"count":124,"href":"https:\/\/www.labware.it\/de\/wp-json\/wp\/v2\/pages\/1611\/revisions"}],"predecessor-version":[{"id":6692,"href":"https:\/\/www.labware.it\/de\/wp-json\/wp\/v2\/pages\/1611\/revisions\/6692"}],"wp:attachment":[{"href":"https:\/\/www.labware.it\/de\/wp-json\/wp\/v2\/media?parent=1611"}],"curies":[{"name":"wp","href":"https:\/\/api.w.org\/{rel}","templated":true}]}}